{"id":113,"date":"2015-12-17T10:20:35","date_gmt":"2015-12-17T09:20:35","guid":{"rendered":"http:\/\/www.apartment-dragana-budva.com\/de\/?page_id=113"},"modified":"2019-12-28T00:05:16","modified_gmt":"2019-12-27T23:05:16","slug":"lage","status":"publish","type":"page","link":"https:\/\/www.apartment-dragana-budva.com\/de\/lage\/","title":{"rendered":"Lage"},"content":{"rendered":"<p><div class=\"fusion-fullwidth fullwidth-box fusion-builder-row-1 nonhundred-percent-fullwidth non-hundred-percent-height-scrolling\" style=\"--awb-background-position:left top;--awb-border-radius-top-left:0px;--awb-border-radius-top-right:0px;--awb-border-radius-bottom-right:0px;--awb-border-radius-bottom-left:0px;--awb-padding-top:1px;--awb-padding-right:0px;--awb-padding-bottom:20px;--awb-padding-left:0px;--awb-background-color:#a0ce4e;--awb-border-sizes-top:0px;--awb-border-sizes-bottom:0px;--awb-flex-wrap:wrap;\" ><div class=\"fusion-builder-row fusion-row\"><div class=\"fusion-layout-column fusion_builder_column fusion-builder-column-0 fusion_builder_column_1_1 1_1 fusion-one-full fusion-column-first fusion-column-last fusion-column-no-min-height\" style=\"--awb-bg-size:cover;--awb-margin-bottom:0px;\"><div class=\"fusion-column-wrapper fusion-flex-column-wrapper-legacy\"><div class=\"fusion-text fusion-text-1\"><h1 style=\"text-align: center; font-size: 23px !important; color: #e4efd1 !important;\">Apartment Dragana Budva Lage<\/h1>\n<\/div><div class=\"fusion-clearfix\"><\/div><\/div><\/div><\/div><\/div><div class=\"fusion-fullwidth fullwidth-box fusion-builder-row-2 nonhundred-percent-fullwidth non-hundred-percent-height-scrolling\" style=\"--awb-background-position:left top;--awb-border-radius-top-left:0px;--awb-border-radius-top-right:0px;--awb-border-radius-bottom-right:0px;--awb-border-radius-bottom-left:0px;--awb-padding-top:45px;--awb-padding-right:0px;--awb-padding-bottom:5px;--awb-padding-left:0px;--awb-border-sizes-top:0px;--awb-border-sizes-bottom:0px;--awb-flex-wrap:wrap;\" ><div class=\"fusion-builder-row fusion-row\"><div class=\"fusion-layout-column fusion_builder_column fusion-builder-column-1 fusion_builder_column_1_3 1_3 fusion-one-third fusion-column-first\" style=\"--awb-bg-size:cover;width:30.6666%; margin-right: 4%;\"><div class=\"fusion-column-wrapper fusion-flex-column-wrapper-legacy\"><ul style=\"--awb-size:13px;--awb-line-height:22.1px;--awb-icon-width:22.1px;--awb-icon-height:22.1px;--awb-icon-margin:9.1px;--awb-content-margin:31.2px;--awb-circlecolor:#a0ce4e;--awb-circle-yes-font-size:11.44px;\" class=\"fusion-checklist fusion-checklist-1 fusion-checklist-default type-icons\"><li class=\"fusion-li-item\" style=\"\"><span class=\"icon-wrapper circle-yes\"><i class=\"fusion-li-icon fa fa-check\" aria-hidden=\"true\"><\/i><\/span><div class=\"fusion-li-item-content\">ausgezeichneten Lage<\/div><\/li><li class=\"fusion-li-item\" style=\"\"><span class=\"icon-wrapper circle-yes\"><i class=\"fusion-li-icon fa fa-check\" aria-hidden=\"true\"><\/i><\/span><div class=\"fusion-li-item-content\">N\u00e4he zu Restaurants, Caf\u00e9s, Bars, Superm\u00e4rkte<\/div><\/li><\/ul><div class=\"fusion-clearfix\"><\/div><\/div><\/div><div class=\"fusion-layout-column fusion_builder_column fusion-builder-column-2 fusion_builder_column_1_3 1_3 fusion-one-third\" style=\"--awb-bg-size:cover;width:30.6666%; margin-right: 4%;\"><div class=\"fusion-column-wrapper fusion-flex-column-wrapper-legacy\"><ul style=\"--awb-size:13px;--awb-line-height:22.1px;--awb-icon-width:22.1px;--awb-icon-height:22.1px;--awb-icon-margin:9.1px;--awb-content-margin:31.2px;--awb-circlecolor:#a0ce4e;--awb-circle-yes-font-size:11.44px;\" class=\"fusion-checklist fusion-checklist-2 fusion-checklist-default type-icons\"><li class=\"fusion-li-item\" style=\"\"><span class=\"icon-wrapper circle-yes\"><i class=\"fusion-li-icon fa fa-check\" aria-hidden=\"true\"><\/i><\/span><div class=\"fusion-li-item-content\"> ca. 450-500 m vom Meer entfernt<\/div><\/li><li class=\"fusion-li-item\" style=\"\"><span class=\"icon-wrapper circle-yes\"><i class=\"fusion-li-icon fa fa-check\" aria-hidden=\"true\"><\/i><\/span><div class=\"fusion-li-item-content\">in der N\u00e4he aller wichtigen Annehmlichkeiten<\/div><\/li><\/ul><div class=\"fusion-clearfix\"><\/div><\/div><\/div><div class=\"fusion-layout-column fusion_builder_column fusion-builder-column-3 fusion_builder_column_1_3 1_3 fusion-one-third fusion-column-last\" style=\"--awb-bg-size:cover;width:30.6666%;\"><div class=\"fusion-column-wrapper fusion-flex-column-wrapper-legacy\"><ul style=\"--awb-size:13px;--awb-line-height:22.1px;--awb-icon-width:22.1px;--awb-icon-height:22.1px;--awb-icon-margin:9.1px;--awb-content-margin:31.2px;--awb-circlecolor:#a0ce4e;--awb-circle-yes-font-size:11.44px;\" class=\"fusion-checklist fusion-checklist-3 fusion-checklist-default type-icons\"><li class=\"fusion-li-item\" style=\"\"><span class=\"icon-wrapper circle-yes\"><i class=\"fusion-li-icon fa fa-check\" aria-hidden=\"true\"><\/i><\/span><div class=\"fusion-li-item-content\">sehr ruhigen und friedlichen Ort<\/div><\/li><li class=\"fusion-li-item\" style=\"\"><span class=\"icon-wrapper circle-yes\"><i class=\"fusion-li-icon fa fa-check\" aria-hidden=\"true\"><\/i><\/span><div class=\"fusion-li-item-content\">Ein idealer Ort, wo man sich entspannen und wirklich genie\u00dfen Sie Ihren Urlaub.<\/div><\/li><\/ul><div class=\"fusion-clearfix\"><\/div><\/div><\/div><\/div><\/div><\/p>\n","protected":false},"excerpt":{"rendered":"","protected":false},"author":1,"featured_media":0,"parent":0,"menu_order":0,"comment_status":"closed","ping_status":"closed","template":"100-width.php","meta":{"footnotes":""},"yoast_head":"<!-- This site is optimized with the Yoast SEO plugin v22.6 - https:\/\/yoast.com\/wordpress\/plugins\/seo\/ -->\n<title>Lage - Apartments rental in Montenegro - town Budva<\/title>\n<meta name=\"description\" content=\"Lage unserer Wohnung auf Google Maps\" \/>\n<meta name=\"robots\" content=\"index, follow, max-snippet:-1, max-image-preview:large, max-video-preview:-1\" \/>\n<link rel=\"canonical\" href=\"https:\/\/www.apartment-dragana-budva.com\/de\/lage\/\" \/>\n<meta property=\"og:locale\" content=\"de_DE\" \/>\n<meta property=\"og:type\" content=\"article\" \/>\n<meta property=\"og:title\" content=\"Lage - Apartments rental in Montenegro - town Budva\" \/>\n<meta property=\"og:description\" content=\"Lage unserer Wohnung auf Google Maps\" \/>\n<meta property=\"og:url\" content=\"https:\/\/www.apartment-dragana-budva.com\/de\/lage\/\" \/>\n<meta property=\"og:site_name\" content=\"Apartments rental in Montenegro - town Budva\" \/>\n<meta property=\"article:publisher\" content=\"https:\/\/www.facebook.com\/apartment.dragana.budva\/\" \/>\n<meta property=\"article:modified_time\" content=\"2019-12-27T23:05:16+00:00\" \/>\n<meta name=\"twitter:card\" content=\"summary_large_image\" \/>\n<meta name=\"twitter:site\" content=\"@montenegro_rent\" \/>\n<meta name=\"twitter:label1\" content=\"Gesch\u00e4tzte Lesezeit\" \/>\n\t<meta name=\"twitter:data1\" content=\"3\u00a0Minuten\" \/>\n<script type=\"application\/ld+json\" class=\"yoast-schema-graph\">{\"@context\":\"https:\/\/schema.org\",\"@graph\":[{\"@type\":\"WebPage\",\"@id\":\"https:\/\/www.apartment-dragana-budva.com\/de\/lage\/\",\"url\":\"https:\/\/www.apartment-dragana-budva.com\/de\/lage\/\",\"name\":\"Lage - Apartments rental in Montenegro - town Budva\",\"isPartOf\":{\"@id\":\"https:\/\/www.apartment-dragana-budva.com\/#website\"},\"datePublished\":\"2015-12-17T09:20:35+00:00\",\"dateModified\":\"2019-12-27T23:05:16+00:00\",\"description\":\"Lage unserer Wohnung auf Google Maps\",\"breadcrumb\":{\"@id\":\"https:\/\/www.apartment-dragana-budva.com\/de\/lage\/#breadcrumb\"},\"inLanguage\":\"de\",\"potentialAction\":[{\"@type\":\"ReadAction\",\"target\":[\"https:\/\/www.apartment-dragana-budva.com\/de\/lage\/\"]}]},{\"@type\":\"BreadcrumbList\",\"@id\":\"https:\/\/www.apartment-dragana-budva.com\/de\/lage\/#breadcrumb\",\"itemListElement\":[{\"@type\":\"ListItem\",\"position\":1,\"name\":\"Home\",\"item\":\"https:\/\/www.apartment-dragana-budva.com\/de\/\"},{\"@type\":\"ListItem\",\"position\":2,\"name\":\"Lage\"}]},{\"@type\":\"WebSite\",\"@id\":\"https:\/\/www.apartment-dragana-budva.com\/#website\",\"url\":\"https:\/\/www.apartment-dragana-budva.com\/\",\"name\":\"Apartments rental in Montenegro - town Budva\",\"description\":\"\",\"publisher\":{\"@id\":\"https:\/\/www.apartment-dragana-budva.com\/#organization\"},\"potentialAction\":[{\"@type\":\"SearchAction\",\"target\":{\"@type\":\"EntryPoint\",\"urlTemplate\":\"https:\/\/www.apartment-dragana-budva.com\/?s={search_term_string}\"},\"query-input\":\"required name=search_term_string\"}],\"inLanguage\":\"de\"},{\"@type\":\"Organization\",\"@id\":\"https:\/\/www.apartment-dragana-budva.com\/#organization\",\"name\":\"Apartment Dragana Budva\",\"url\":\"https:\/\/www.apartment-dragana-budva.com\/\",\"logo\":{\"@type\":\"ImageObject\",\"inLanguage\":\"de\",\"@id\":\"https:\/\/www.apartment-dragana-budva.com\/#\/schema\/logo\/image\/\",\"url\":\"https:\/\/www.apartment-dragana-budva.com\/wp-content\/uploads\/2019\/12\/logo.png\",\"contentUrl\":\"https:\/\/www.apartment-dragana-budva.com\/wp-content\/uploads\/2019\/12\/logo.png\",\"width\":312,\"height\":90,\"caption\":\"Apartment Dragana Budva\"},\"image\":{\"@id\":\"https:\/\/www.apartment-dragana-budva.com\/#\/schema\/logo\/image\/\"},\"sameAs\":[\"https:\/\/www.facebook.com\/apartment.dragana.budva\/\",\"https:\/\/x.com\/montenegro_rent\"]}]}<\/script>\n<!-- \/ Yoast SEO plugin. -->","yoast_head_json":{"title":"Lage - Apartments rental in Montenegro - town Budva","description":"Lage unserer Wohnung auf Google Maps","robots":{"index":"index","follow":"follow","max-snippet":"max-snippet:-1","max-image-preview":"max-image-preview:large","max-video-preview":"max-video-preview:-1"},"canonical":"https:\/\/www.apartment-dragana-budva.com\/de\/lage\/","og_locale":"de_DE","og_type":"article","og_title":"Lage - Apartments rental in Montenegro - town Budva","og_description":"Lage unserer Wohnung auf Google Maps","og_url":"https:\/\/www.apartment-dragana-budva.com\/de\/lage\/","og_site_name":"Apartments rental in Montenegro - town Budva","article_publisher":"https:\/\/www.facebook.com\/apartment.dragana.budva\/","article_modified_time":"2019-12-27T23:05:16+00:00","twitter_card":"summary_large_image","twitter_site":"@montenegro_rent","twitter_misc":{"Gesch\u00e4tzte Lesezeit":"3\u00a0Minuten"},"schema":{"@context":"https:\/\/schema.org","@graph":[{"@type":"WebPage","@id":"https:\/\/www.apartment-dragana-budva.com\/de\/lage\/","url":"https:\/\/www.apartment-dragana-budva.com\/de\/lage\/","name":"Lage - Apartments rental in Montenegro - town Budva","isPartOf":{"@id":"https:\/\/www.apartment-dragana-budva.com\/#website"},"datePublished":"2015-12-17T09:20:35+00:00","dateModified":"2019-12-27T23:05:16+00:00","description":"Lage unserer Wohnung auf Google Maps","breadcrumb":{"@id":"https:\/\/www.apartment-dragana-budva.com\/de\/lage\/#breadcrumb"},"inLanguage":"de","potentialAction":[{"@type":"ReadAction","target":["https:\/\/www.apartment-dragana-budva.com\/de\/lage\/"]}]},{"@type":"BreadcrumbList","@id":"https:\/\/www.apartment-dragana-budva.com\/de\/lage\/#breadcrumb","itemListElement":[{"@type":"ListItem","position":1,"name":"Home","item":"https:\/\/www.apartment-dragana-budva.com\/de\/"},{"@type":"ListItem","position":2,"name":"Lage"}]},{"@type":"WebSite","@id":"https:\/\/www.apartment-dragana-budva.com\/#website","url":"https:\/\/www.apartment-dragana-budva.com\/","name":"Apartments rental in Montenegro - town Budva","description":"","publisher":{"@id":"https:\/\/www.apartment-dragana-budva.com\/#organization"},"potentialAction":[{"@type":"SearchAction","target":{"@type":"EntryPoint","urlTemplate":"https:\/\/www.apartment-dragana-budva.com\/?s={search_term_string}"},"query-input":"required name=search_term_string"}],"inLanguage":"de"},{"@type":"Organization","@id":"https:\/\/www.apartment-dragana-budva.com\/#organization","name":"Apartment Dragana Budva","url":"https:\/\/www.apartment-dragana-budva.com\/","logo":{"@type":"ImageObject","inLanguage":"de","@id":"https:\/\/www.apartment-dragana-budva.com\/#\/schema\/logo\/image\/","url":"https:\/\/www.apartment-dragana-budva.com\/wp-content\/uploads\/2019\/12\/logo.png","contentUrl":"https:\/\/www.apartment-dragana-budva.com\/wp-content\/uploads\/2019\/12\/logo.png","width":312,"height":90,"caption":"Apartment Dragana Budva"},"image":{"@id":"https:\/\/www.apartment-dragana-budva.com\/#\/schema\/logo\/image\/"},"sameAs":["https:\/\/www.facebook.com\/apartment.dragana.budva\/","https:\/\/x.com\/montenegro_rent"]}]}},"_links":{"self":[{"href":"https:\/\/www.apartment-dragana-budva.com\/de\/wp-json\/wp\/v2\/pages\/113"}],"collection":[{"href":"https:\/\/www.apartment-dragana-budva.com\/de\/wp-json\/wp\/v2\/pages"}],"about":[{"href":"https:\/\/www.apartment-dragana-budva.com\/de\/wp-json\/wp\/v2\/types\/page"}],"author":[{"embeddable":true,"href":"https:\/\/www.apartment-dragana-budva.com\/de\/wp-json\/wp\/v2\/users\/1"}],"replies":[{"embeddable":true,"href":"https:\/\/www.apartment-dragana-budva.com\/de\/wp-json\/wp\/v2\/comments?post=113"}],"version-history":[{"count":0,"href":"https:\/\/www.apartment-dragana-budva.com\/de\/wp-json\/wp\/v2\/pages\/113\/revisions"}],"wp:attachment":[{"href":"https:\/\/www.apartment-dragana-budva.com\/de\/wp-json\/wp\/v2\/media?parent=113"}],"curies":[{"name":"wp","href":"https:\/\/api.w.org\/{rel}","templated":true}]}}